{"id":667,"date":"2016-10-03T12:45:46","date_gmt":"2016-10-03T12:45:46","guid":{"rendered":"http:\/\/griegc.com\/ca\/?page_id=667"},"modified":"2018-11-25T16:11:14","modified_gmt":"2018-11-25T16:11:14","slug":"gestio","status":"publish","type":"page","link":"https:\/\/griegc.com\/ca\/gestio\/","title":{"rendered":"Gesti\u00f3"},"content":{"rendered":"<section class=\"wpb-content-wrapper\"><p>[vc_row row_type=&#8221;row&#8221; use_row_as_full_screen_section=&#8221;no&#8221; type=&#8221;grid&#8221; angled_section=&#8221;no&#8221; text_align=&#8221;left&#8221; background_image_as_pattern=&#8221;without_pattern&#8221; css_animation=&#8221;&#8221;][vc_column][vc_column_text]<\/p>\n<p style=\"text-align: justify;\"><span style=\"color: #000000;\">Les restes\u00a0de la Guerra Civil espanyola avui en dia\u00a0<strong>no es troben sota<\/strong>\u00a0cap\u00a0lllindar de <strong>protecci\u00f3 legal<\/strong> efectiva degut a la llei vigent, de manera que tot all\u00f2 relacionat amb la gesti\u00f3 dels elements i espais de la Guerra Civil no \u00e9s una tasca f\u00e0cil. Des de l&#8217;equip de GRIEGC, som bons coneixedors en mat\u00e8ria de:<\/span><\/p>\n<p>[\/vc_column_text][vc_separator type=&#8221;transparent&#8221; thickness=&#8221;10&#8243;][vc_column_text]<\/p>\n<p style=\"text-align: center;\"><span style=\"color: #000000;\">Assessorament de tot tipus.<\/span><\/p>\n<p style=\"text-align: center;\"><span style=\"color: #000000;\">El\u00b7laboraci\u00f3 de plans estrat\u00e8gics.<\/span><\/p>\n<p style=\"text-align: center;\"><span style=\"color: #000000;\">Visites guiades.<\/span><\/p>\n<p style=\"text-align: center;\"><span style=\"color: #000000;\">Centres de visitants i d&#8217;interpretaci\u00f3.<\/span><\/p>\n<p>[\/vc_column_text][vc_separator type=&#8221;transparent&#8221; thickness=&#8221;10&#8243;][\/vc_column][\/vc_row]<\/p>\n<\/section>","protected":false},"excerpt":{"rendered":"<p>[vc_row row_type=&#8221;row&#8221; use_row_as_full_screen_section=&#8221;no&#8221; type=&#8221;grid&#8221; angled_section=&#8221;no&#8221; text_align=&#8221;left&#8221; background_image_as_pattern=&#8221;without_pattern&#8221; css_animation=&#8221;&#8221;][vc_column][vc_column_text] Les restes\u00a0de la Guerra Civil espanyola avui en dia\u00a0no es troben sota\u00a0cap\u00a0lllindar de protecci\u00f3 legal efectiva degut a la llei vigent, de manera que tot all\u00f2 relacionat amb la gesti\u00f3 dels elements i espais de la Guerra&#8230;<\/p>\n","protected":false},"author":1,"featured_media":0,"parent":0,"menu_order":0,"comment_status":"closed","ping_status":"closed","template":"","meta":{"footnotes":""},"class_list":["post-667","page","type-page","status-publish","hentry"],"jetpack_sharing_enabled":true,"_links":{"self":[{"href":"https:\/\/griegc.com\/ca\/wp-json\/wp\/v2\/pages\/667","targetHints":{"allow":["GET"]}}],"collection":[{"href":"https:\/\/griegc.com\/ca\/wp-json\/wp\/v2\/pages"}],"about":[{"href":"https:\/\/griegc.com\/ca\/wp-json\/wp\/v2\/types\/page"}],"author":[{"embeddable":true,"href":"https:\/\/griegc.com\/ca\/wp-json\/wp\/v2\/users\/1"}],"replies":[{"embeddable":true,"href":"https:\/\/griegc.com\/ca\/wp-json\/wp\/v2\/comments?post=667"}],"version-history":[{"count":2,"href":"https:\/\/griegc.com\/ca\/wp-json\/wp\/v2\/pages\/667\/revisions"}],"predecessor-version":[{"id":2427,"href":"https:\/\/griegc.com\/ca\/wp-json\/wp\/v2\/pages\/667\/revisions\/2427"}],"wp:attachment":[{"href":"https:\/\/griegc.com\/ca\/wp-json\/wp\/v2\/media?parent=667"}],"curies":[{"name":"wp","href":"https:\/\/api.w.org\/{rel}","templated":true}]}}