{"id":681,"date":"2016-10-04T08:03:22","date_gmt":"2016-10-04T08:03:22","guid":{"rendered":"http:\/\/griegc.com\/ca\/?page_id=681"},"modified":"2019-11-14T17:54:56","modified_gmt":"2019-11-14T17:54:56","slug":"joel-ametlla","status":"publish","type":"page","link":"https:\/\/griegc.com\/ca\/joel-ametlla\/","title":{"rendered":"Joel Ametlla"},"content":{"rendered":"<section class=\"wpb-content-wrapper\"><p>[vc_row row_type=&#8221;row&#8221; use_row_as_full_screen_section=&#8221;no&#8221; type=&#8221;grid&#8221; angled_section=&#8221;no&#8221; text_align=&#8221;left&#8221; background_image_as_pattern=&#8221;without_pattern&#8221; css_animation=&#8221;&#8221;][vc_column][vc_column_text]<\/p>\n<h3 style=\"text-align: center;\">1990. Arquitecte<\/h3>\n<p>[\/vc_column_text][vc_separator type=&#8221;transparent&#8221; thickness=&#8221;10&#8243;][vc_column_text]<\/p>\n<p style=\"text-align: center;\">Planimetria, aixecament\u00a0de patrimoni, an\u00e0lisi i diagnosi patol\u00f2gica i arquitect\u00f2nica. Arquitecte per la Universitat Rovira i Virgili, experimentat en patrimoni fortificat del segle XX.<\/p>\n<p>[\/vc_column_text][vc_separator type=&#8221;transparent&#8221; thickness=&#8221;10&#8243;][vc_single_image image=&#8221;438&#8243; img_size=&#8221;full&#8221; alignment=&#8221;center&#8221; qode_css_animation=&#8221;&#8221;][vc_separator type=&#8221;transparent&#8221; thickness=&#8221;10&#8243;][vc_separator type=&#8221;transparent&#8221; thickness=&#8221;10&#8243;][vc_column_text]<\/p>\n<h4 style=\"text-align: center;\">Experi\u00e8ncia<\/h4>\n<p>[\/vc_column_text][vc_separator type=&#8221;small&#8221; position=&#8221;center&#8221; color=&#8221;#9d8643&#8243;][vc_separator type=&#8221;transparent&#8221; thickness=&#8221;10&#8243;][\/vc_column][\/vc_row][vc_row row_type=&#8221;row&#8221; use_row_as_full_screen_section=&#8221;no&#8221; type=&#8221;grid&#8221; angled_section=&#8221;no&#8221; text_align=&#8221;left&#8221; background_image_as_pattern=&#8221;without_pattern&#8221; css_animation=&#8221;&#8221;][vc_column][vc_column_text]<\/p>\n<ul>\n<li>Llicenciat en Arquitectura per la URV (Univ. Rovira i Virgili).<\/li>\n<li>Especialitzat en diagnosi i rehabilitaci\u00f3 del patrimoni arquitect\u00f2nic juntament amb la fortificaci\u00f3 de la primera meitat del segle XX.<\/li>\n<li>Actualment doctorand per la URV.<\/li>\n<\/ul>\n<p>&nbsp;<\/p>\n<ul>\n<li>Ha participat amb el GRIEGC de forma professional en m\u00e9s d&#8217;una vintena de projectes destinats a inventariat, catalogaci\u00f3 i recuperaci\u00f3 de vestigis de la Guerra Civil espanyola<br \/>\nen gran quantitat de municipis de tota Catalunya i l&#8217;Arag\u00f3.<br \/>\nLa seva principal tasca \u00e9s la plasmaci\u00f3 dels vestigis en mapes i l&#8217;estudi morfol\u00f2gic funcional i patrimonial de les construccions defensives juntament amb la seva recuperaci\u00f3 i posta en valor per a la societat. Aix\u00f2 ha provocat la creaci\u00f3 i tinen\u00e7a d&#8217;una aut\u00e8ntica biblioteca de planimetries sobre la fortificaci\u00f3 de la Guerra Civil al front oriental.<\/li>\n<\/ul>\n<p>[\/vc_column_text][vc_separator type=&#8221;transparent&#8221; thickness=&#8221;10&#8243;][\/vc_column][\/vc_row]<\/p>\n<\/section>","protected":false},"excerpt":{"rendered":"<p>[vc_row row_type=&#8221;row&#8221; use_row_as_full_screen_section=&#8221;no&#8221; type=&#8221;grid&#8221; angled_section=&#8221;no&#8221; text_align=&#8221;left&#8221; background_image_as_pattern=&#8221;without_pattern&#8221; css_animation=&#8221;&#8221;][vc_column][vc_column_text] 1990. Arquitecte [\/vc_column_text][vc_separator type=&#8221;transparent&#8221; thickness=&#8221;10&#8243;][vc_column_text] Planimetria, aixecament\u00a0de patrimoni, an\u00e0lisi i diagnosi patol\u00f2gica i arquitect\u00f2nica. Arquitecte per la Universitat Rovira i Virgili, experimentat en patrimoni fortificat del segle XX. [\/vc_column_text][vc_separator type=&#8221;transparent&#8221; thickness=&#8221;10&#8243;][vc_single_image image=&#8221;438&#8243; img_size=&#8221;full&#8221; alignment=&#8221;center&#8221; qode_css_animation=&#8221;&#8221;][vc_separator type=&#8221;transparent&#8221; thickness=&#8221;10&#8243;][vc_separator&#8230;<\/p>\n","protected":false},"author":1,"featured_media":0,"parent":0,"menu_order":0,"comment_status":"closed","ping_status":"closed","template":"","meta":{"footnotes":""},"class_list":["post-681","page","type-page","status-publish","hentry"],"jetpack_sharing_enabled":true,"_links":{"self":[{"href":"https:\/\/griegc.com\/ca\/wp-json\/wp\/v2\/pages\/681","targetHints":{"allow":["GET"]}}],"collection":[{"href":"https:\/\/griegc.com\/ca\/wp-json\/wp\/v2\/pages"}],"about":[{"href":"https:\/\/griegc.com\/ca\/wp-json\/wp\/v2\/types\/page"}],"author":[{"embeddable":true,"href":"https:\/\/griegc.com\/ca\/wp-json\/wp\/v2\/users\/1"}],"replies":[{"embeddable":true,"href":"https:\/\/griegc.com\/ca\/wp-json\/wp\/v2\/comments?post=681"}],"version-history":[{"count":8,"href":"https:\/\/griegc.com\/ca\/wp-json\/wp\/v2\/pages\/681\/revisions"}],"predecessor-version":[{"id":3452,"href":"https:\/\/griegc.com\/ca\/wp-json\/wp\/v2\/pages\/681\/revisions\/3452"}],"wp:attachment":[{"href":"https:\/\/griegc.com\/ca\/wp-json\/wp\/v2\/media?parent=681"}],"curies":[{"name":"wp","href":"https:\/\/api.w.org\/{rel}","templated":true}]}}