{"id":688,"date":"2016-10-04T08:19:43","date_gmt":"2016-10-04T08:19:43","guid":{"rendered":"http:\/\/griegc.com\/ca\/?page_id=688"},"modified":"2018-04-06T17:11:40","modified_gmt":"2018-04-06T17:11:40","slug":"rosa-mercado","status":"publish","type":"page","link":"https:\/\/griegc.com\/ca\/rosa-mercado\/","title":{"rendered":"Rosa Mercado"},"content":{"rendered":"<section class=\"wpb-content-wrapper\"><p>[vc_row row_type=&#8221;row&#8221; use_row_as_full_screen_section=&#8221;no&#8221; type=&#8221;grid&#8221; angled_section=&#8221;no&#8221; text_align=&#8221;left&#8221; background_image_as_pattern=&#8221;without_pattern&#8221; css_animation=&#8221;&#8221;][vc_column][vc_column_text]<\/p>\n<h3 style=\"text-align: center;\">1994. Graduada en Hist\u00f2ria per la UdL<\/h3>\n<h5 style=\"text-align: center;\" align=\"justify\"><span style=\"font-size: medium;\">Estudiant del Master Interuniversitari en Arqueolog\u00eda Cl\u00e0ssica (URV-ICAC-UAB).<\/span><\/h5>\n<p>[\/vc_column_text][vc_separator type=&#8221;transparent&#8221; thickness=&#8221;10&#8243;][vc_single_image image=&#8221;1746&#8243; img_size=&#8221;full&#8221; alignment=&#8221;center&#8221; style=&#8221;vc_box_circle_2&#8243; qode_css_animation=&#8221;&#8221;][vc_separator type=&#8221;transparent&#8221; thickness=&#8221;10&#8243;][vc_separator type=&#8221;transparent&#8221; thickness=&#8221;10&#8243;][vc_column_text]<\/p>\n<h4 style=\"text-align: center;\">Experi\u00e8ncia<\/h4>\n<p>[\/vc_column_text][vc_separator type=&#8221;small&#8221; position=&#8221;center&#8221; color=&#8221;#9d8643&#8243;][vc_separator type=&#8221;transparent&#8221; thickness=&#8221;10&#8243;][\/vc_column][\/vc_row][vc_row row_type=&#8221;row&#8221; use_row_as_full_screen_section=&#8221;no&#8221; type=&#8221;grid&#8221; angled_section=&#8221;no&#8221; text_align=&#8221;left&#8221; background_image_as_pattern=&#8221;without_pattern&#8221; css_animation=&#8221;&#8221;][vc_column][vc_column_text]<\/p>\n<p style=\"text-align: justify;\">&#8211; Beca de col\u00b7laboraci\u00f3 en el laboratori d&#8217;arqueologia de la Universitat de Lleida. Octubre 2014- juny 2015.<\/p>\n<p style=\"text-align: justify;\">&#8211; Pr\u00e0ctiques no curriculars en els Serveis Territorials d&#8217;Arqueologia i Paleontologia de Lleida. Diverses estades entre el 2015 i 2016.<\/p>\n<p style=\"text-align: justify;\">&#8211; Beca d&#8217;Introducci\u00f3 a la Investigaci\u00f3 a la Universitat de Lleida. Febrer-juny de 2016.<\/p>\n<p style=\"text-align: justify;\">&#8211; Pr\u00e0ctiques no curriculars en els Serveis Territorials d&#8217;Arqueologia i Paleontologia de Tarragona. Maig.-Ago. 2017.<\/p>\n<p style=\"text-align: justify;\">&#8211; Assist\u00e8ncia a diversos cursos i campanyes d&#8217;excavaci\u00f3 arqueol\u00f2giques: Vilars, Emp\u00faries, Val\u00e8ncia la Vella &#8230;<\/p>\n<p>[\/vc_column_text][vc_separator type=&#8221;transparent&#8221; thickness=&#8221;10&#8243;][\/vc_column][\/vc_row]<\/p>\n<\/section>","protected":false},"excerpt":{"rendered":"<p>[vc_row row_type=&#8221;row&#8221; use_row_as_full_screen_section=&#8221;no&#8221; type=&#8221;grid&#8221; angled_section=&#8221;no&#8221; text_align=&#8221;left&#8221; background_image_as_pattern=&#8221;without_pattern&#8221; css_animation=&#8221;&#8221;][vc_column][vc_column_text] 1994. Graduada en Hist\u00f2ria per la UdL Estudiant del Master Interuniversitari en Arqueolog\u00eda Cl\u00e0ssica (URV-ICAC-UAB). [\/vc_column_text][vc_separator type=&#8221;transparent&#8221; thickness=&#8221;10&#8243;][vc_single_image image=&#8221;1746&#8243; img_size=&#8221;full&#8221; alignment=&#8221;center&#8221; style=&#8221;vc_box_circle_2&#8243; qode_css_animation=&#8221;&#8221;][vc_separator type=&#8221;transparent&#8221; thickness=&#8221;10&#8243;][vc_separator type=&#8221;transparent&#8221; thickness=&#8221;10&#8243;][vc_column_text] Experi\u00e8ncia [\/vc_column_text][vc_separator type=&#8221;small&#8221; position=&#8221;center&#8221; color=&#8221;#9d8643&#8243;][vc_separator type=&#8221;transparent&#8221; thickness=&#8221;10&#8243;][\/vc_column][\/vc_row][vc_row row_type=&#8221;row&#8221; use_row_as_full_screen_section=&#8221;no&#8221; type=&#8221;grid&#8221;&#8230;<\/p>\n","protected":false},"author":1,"featured_media":0,"parent":0,"menu_order":0,"comment_status":"closed","ping_status":"closed","template":"","meta":{"footnotes":""},"class_list":["post-688","page","type-page","status-publish","hentry"],"jetpack_sharing_enabled":true,"_links":{"self":[{"href":"https:\/\/griegc.com\/ca\/wp-json\/wp\/v2\/pages\/688","targetHints":{"allow":["GET"]}}],"collection":[{"href":"https:\/\/griegc.com\/ca\/wp-json\/wp\/v2\/pages"}],"about":[{"href":"https:\/\/griegc.com\/ca\/wp-json\/wp\/v2\/types\/page"}],"author":[{"embeddable":true,"href":"https:\/\/griegc.com\/ca\/wp-json\/wp\/v2\/users\/1"}],"replies":[{"embeddable":true,"href":"https:\/\/griegc.com\/ca\/wp-json\/wp\/v2\/comments?post=688"}],"version-history":[{"count":4,"href":"https:\/\/griegc.com\/ca\/wp-json\/wp\/v2\/pages\/688\/revisions"}],"predecessor-version":[{"id":1758,"href":"https:\/\/griegc.com\/ca\/wp-json\/wp\/v2\/pages\/688\/revisions\/1758"}],"wp:attachment":[{"href":"https:\/\/griegc.com\/ca\/wp-json\/wp\/v2\/media?parent=688"}],"curies":[{"name":"wp","href":"https:\/\/api.w.org\/{rel}","templated":true}]}}