{"id":697,"date":"2016-10-04T08:35:08","date_gmt":"2016-10-04T08:35:08","guid":{"rendered":"http:\/\/griegc.com\/ca\/?page_id=697"},"modified":"2018-10-16T10:53:22","modified_gmt":"2018-10-16T10:53:22","slug":"serveis","status":"publish","type":"page","link":"https:\/\/griegc.com\/ca\/serveis\/","title":{"rendered":"Serveis"},"content":{"rendered":"<section class=\"wpb-content-wrapper\"><p>[vc_row row_type=&#8221;row&#8221; use_row_as_full_screen_section=&#8221;no&#8221; type=&#8221;grid&#8221; angled_section=&#8221;no&#8221; text_align=&#8221;center&#8221; background_image_as_pattern=&#8221;without_pattern&#8221; css_animation=&#8221;&#8221; css=&#8221;.vc_custom_1456908710304{padding-top: 112px !important;padding-bottom: 60px !important;}&#8221;][vc_column offset=&#8221;vc_col-lg-offset-3 vc_col-lg-6&#8243;][vc_column_text]<\/p>\n<p style=\"text-align: center;\">Qu\u00e8 fem?<\/p>\n<p>[\/vc_column_text][vc_separator type=&#8221;transparent&#8221; up=&#8221;20&#8243; down=&#8221;0&#8243;][vc_column_text]<\/p>\n<h3 style=\"text-align: center;\">Aqu\u00ed podr\u00e0s informar-te sobre els nostres serveis<\/h3>\n<p>[\/vc_column_text][\/vc_column][\/vc_row][vc_row row_type=&#8221;row&#8221; use_row_as_full_screen_section=&#8221;no&#8221; type=&#8221;grid&#8221; angled_section=&#8221;no&#8221; text_align=&#8221;left&#8221; background_image_as_pattern=&#8221;without_pattern&#8221; css_animation=&#8221;&#8221; css=&#8221;.vc_custom_1458125096985{padding-bottom: 150px !important;}&#8221;][vc_column]<div class='cover_boxes' data-active-element='1'><ul class='clearfix'><li><div class='box'><a itemprop='url' class='thumb' href='https:\/\/griegc.com\/ca\/estudi\/' target='_self'><img itemprop='image' alt='Estudi' src='https:\/\/griegc.com\/wp-content\/uploads\/2016\/03\/ESTUDI.jpg' \/><\/a><div class='box_content'><h3  style='color:#c09f58''>Estudi<\/h3><p  style='color:#000000''>L'estudi \u00e9s el nostre m\u00e8tode de treball principal i necessari de cara a tots els serveis. <\/p><a itemprop='url' class='qbutton tiny' href='https:\/\/griegc.com\/ca\/estudi\/' target='_self'>Llegir m\u00e9s<\/a><\/div><\/div><\/li><li><div class='box'><a itemprop='url' class='thumb' href='https:\/\/griegc.com\/ca\/recuperacio\/' target='_self'><img itemprop='image' alt='Recuperaci\u00f3' src='https:\/\/griegc.com\/wp-content\/uploads\/2018\/01\/IMG_20171121_103238-min.jpg' \/><\/a><div class='box_content'><h3  style='color:#c09f58''>Recuperaci\u00f3<\/h3><p  style='color:#000000''>La recuperaci\u00f3 patrimonial \u00e9s un dels temes m\u00e9s interessants amb els que treballem.<\/p><a itemprop='url' class='qbutton tiny' href='https:\/\/griegc.com\/ca\/recuperacio\/' target='_self'>Llegir m\u00e9s<\/a><\/div><\/div><\/li><li><div class='box'><a itemprop='url' class='thumb' href='https:\/\/griegc.com\/ca\/catalogacio\/' target='_self'><img itemprop='image' alt='Catalogaci\u00f3' src='https:\/\/griegc.com\/wp-content\/uploads\/2018\/10\/Sin-t\u00edtulo-2.jpg' \/><\/a><div class='box_content'><h3  style='color:#c09f58''>Catalogaci\u00f3<\/h3><p  style='color:#000000''>Realitzaci\u00f3 d'inventaris i aixecaments del patrimoni fortificat.<\/p><a itemprop='url' class='qbutton tiny' href='https:\/\/griegc.com\/ca\/catalogacio\/' target='_self'>Llegir m\u00e9s<\/a><\/div><\/div><\/li><\/ul><\/div>[vc_separator type=&#8221;transparent&#8221; thickness=&#8221;0&#8243; up=&#8221;0&#8243; down=&#8221;32&#8243;]<div class='cover_boxes' data-active-element='2'><ul class='clearfix'><li><div class='box'><a itemprop='url' class='thumb' href='https:\/\/griegc.com\/ca\/gestio\/' target='_self'><img itemprop='image' alt='Gesti\u00f3' src='https:\/\/griegc.com\/wp-content\/uploads\/2016\/03\/GESTION.jpg' \/><\/a><div class='box_content'><h3  style='color:#c09f58''>Gesti\u00f3<\/h3><p  style='color:#000000''>All\u00f2 relacionat amb la gesti\u00f3 dels elements i espais de la Guerra Civil no \u00e9s una tasca f\u00e0cil.<\/p><a itemprop='url' class='qbutton tiny' href='https:\/\/griegc.com\/ca\/gestio\/' target='_self'>Llegir m\u00e9s<\/a><\/div><\/div><\/li><li><div class='box'><a itemprop='url' class='thumb' href='https:\/\/griegc.com\/ca\/disseny\/' target='_self'><img itemprop='image' alt='Disseny' src='https:\/\/griegc.com\/wp-content\/uploads\/2018\/10\/Panel-5-Villanueva-001.jpg' \/><\/a><div class='box_content'><h3  style='color:#c09f58''>Disseny<\/h3><p  style='color:#000000''>Ens encarreguem de qualsevol necessitat de disseny d'elements relacionats amb la Guerra Civil.<\/p><a itemprop='url' class='qbutton tiny' href='https:\/\/griegc.com\/ca\/disseny\/' target='_self'>Llegir m\u00e9s<\/a><\/div><\/div><\/li><li><div class='box'><a itemprop='url' class='thumb' href='' target='_self'><img itemprop='image' alt='' src='' \/><\/a><div class='box_content'><h3 ><\/h3><p ><\/p><\/div><\/div><\/li><\/ul><\/div>[\/vc_column][\/vc_row]<\/p>\n<\/section>","protected":false},"excerpt":{"rendered":"<p>[vc_row row_type=&#8221;row&#8221; use_row_as_full_screen_section=&#8221;no&#8221; type=&#8221;grid&#8221; angled_section=&#8221;no&#8221; text_align=&#8221;center&#8221; background_image_as_pattern=&#8221;without_pattern&#8221; css_animation=&#8221;&#8221; css=&#8221;.vc_custom_1456908710304{padding-top: 112px !important;padding-bottom: 60px !important;}&#8221;][vc_column offset=&#8221;vc_col-lg-offset-3 vc_col-lg-6&#8243;][vc_column_text] Qu\u00e8 fem? [\/vc_column_text][vc_separator type=&#8221;transparent&#8221; up=&#8221;20&#8243; down=&#8221;0&#8243;][vc_column_text] Aqu\u00ed podr\u00e0s informar-te sobre els nostres serveis [\/vc_column_text][\/vc_column][\/vc_row][vc_row row_type=&#8221;row&#8221; use_row_as_full_screen_section=&#8221;no&#8221; type=&#8221;grid&#8221; angled_section=&#8221;no&#8221; text_align=&#8221;left&#8221; background_image_as_pattern=&#8221;without_pattern&#8221; css_animation=&#8221;&#8221; css=&#8221;.vc_custom_1458125096985{padding-bottom: 150px !important;}&#8221;][vc_column][vc_separator type=&#8221;transparent&#8221; thickness=&#8221;0&#8243; up=&#8221;0&#8243; down=&#8221;32&#8243;][\/vc_column][\/vc_row]<\/p>\n","protected":false},"author":1,"featured_media":0,"parent":0,"menu_order":0,"comment_status":"closed","ping_status":"closed","template":"full_width.php","meta":{"footnotes":""},"class_list":["post-697","page","type-page","status-publish","hentry"],"jetpack_sharing_enabled":true,"_links":{"self":[{"href":"https:\/\/griegc.com\/ca\/wp-json\/wp\/v2\/pages\/697","targetHints":{"allow":["GET"]}}],"collection":[{"href":"https:\/\/griegc.com\/ca\/wp-json\/wp\/v2\/pages"}],"about":[{"href":"https:\/\/griegc.com\/ca\/wp-json\/wp\/v2\/types\/page"}],"author":[{"embeddable":true,"href":"https:\/\/griegc.com\/ca\/wp-json\/wp\/v2\/users\/1"}],"replies":[{"embeddable":true,"href":"https:\/\/griegc.com\/ca\/wp-json\/wp\/v2\/comments?post=697"}],"version-history":[{"count":8,"href":"https:\/\/griegc.com\/ca\/wp-json\/wp\/v2\/pages\/697\/revisions"}],"predecessor-version":[{"id":2170,"href":"https:\/\/griegc.com\/ca\/wp-json\/wp\/v2\/pages\/697\/revisions\/2170"}],"wp:attachment":[{"href":"https:\/\/griegc.com\/ca\/wp-json\/wp\/v2\/media?parent=697"}],"curies":[{"name":"wp","href":"https:\/\/api.w.org\/{rel}","templated":true}]}}